{"id":13,"date":"2011-01-30T20:57:12","date_gmt":"2011-01-30T20:57:12","guid":{"rendered":"http:\/\/www.psg-dynamo-brandenburg.de\/?page_id=13"},"modified":"2011-02-24T14:56:46","modified_gmt":"2011-02-24T14:56:46","slug":"vorstand","status":"publish","type":"page","link":"http:\/\/www.psg-dynamo-brandenburg.de\/?page_id=13","title":{"rendered":"Vorstand"},"content":{"rendered":"<table style=\"height: 234px;\" border=\"1\" cellspacing=\"0\" cellpadding=\"0\" width=\"640\">\n<tbody>\n<tr>\n<td width=\"307\" valign=\"top\">Vorsitzender<\/td>\n<td width=\"307\" valign=\"top\"><a href=\"mailto:dgrohmann@psg-dynamo-brandenburg.de\">Detlef Grohmann<\/a><\/td>\n<\/tr>\n<tr>\n<td width=\"307\" valign=\"top\">Stellvertretender Vorsitzender<\/td>\n<td width=\"307\" valign=\"top\"><a href=\"mailto:skoeppen@psg-dynamo-brandenburg.de\">Sandra K\u00f6ppen<\/a> <br \/> <a href=\"mailto:talbrecht@psg-dynamo-brandenburg.de\">Thomas Allbrecht<\/a><\/td>\n<\/tr>\n<tr>\n<td width=\"307\" valign=\"top\">Gesch\u00e4ftsf\u00fchrer<\/td>\n<td width=\"307\" valign=\"top\"><a href=\"mailto:wzuckschwerdt@psg-dynamo-brandenburg.de\">Wolfgang Zuckschwerdt<\/a> <br \/> <a href=\"mailto:wlink@psg-dynamo-brandenburg.de\">Wolfgang Link<\/a><\/td>\n<\/tr>\n<tr>\n<td width=\"307\" valign=\"top\">Kassenwart<\/td>\n<td width=\"307\" valign=\"top\"><a href=\"mailto:atreppo@psg-dynamo-brandenburg.de\">Astrid Treppo<\/a><\/td>\n<\/tr>\n<tr>\n<td width=\"307\" valign=\"top\">Kassenpr\u00fcfer<\/td>\n<td width=\"307\" valign=\"top\"><a href=\"mailto:uedeler@psg-dynamo-brandenburg.de\">Ute Edeler<\/a> <br \/> <a href=\"mailto:gkepper@psg-dynamo-brandenburg.de\">Gerd Kepper<\/a><\/td>\n<\/tr>\n<tr>\n<td width=\"307\" valign=\"top\">Sponsorenbeauftragter<\/td>\n<td width=\"307\" valign=\"top\"><a href=\"mailto:kpschober@psg-dynamo-brandenburg.de\">Klaus-Peter Schober<\/a><\/td>\n<\/tr>\n<tr>\n<td width=\"307\" valign=\"top\">Frauenwart<\/td>\n<td width=\"307\" valign=\"top\"><a href=\"mailto:ischlegel@psg-dynamo-brandenburg.de\">Ines Schlegel<\/a><\/td>\n<\/tr>\n<tr>\n<td width=\"307\" valign=\"top\">Jugendwart<\/td>\n<td width=\"307\" valign=\"top\"><a href=\"mailto:sschober@psg-dynamo-brandenburg.de\">Susanne Schober<\/a><\/td>\n<\/tr>\n<\/tbody>\n<\/table>\n","protected":false},"excerpt":{"rendered":"<p>Vorsitzender Detlef Grohmann Stellvertretender Vorsitzender Sandra K\u00f6ppen Thomas Allbrecht Gesch\u00e4ftsf\u00fchrer Wolfgang Zuckschwerdt Wolfgang Link Kassenwart Astrid Treppo Kassenpr\u00fcfer Ute Edeler Gerd Kepper Sponsorenbeauftragter Klaus-Peter Schober Frauenwart Ines Schlegel Jugendwart Susanne Schober<\/p>\n","protected":false},"author":1,"featured_media":0,"parent":11,"menu_order":0,"comment_status":"closed","ping_status":"open","template":"","meta":{"footnotes":""},"class_list":["post-13","page","type-page","status-publish","hentry"],"_links":{"self":[{"href":"http:\/\/www.psg-dynamo-brandenburg.de\/index.php?rest_route=\/wp\/v2\/pages\/13","targetHints":{"allow":["GET"]}}],"collection":[{"href":"http:\/\/www.psg-dynamo-brandenburg.de\/index.php?rest_route=\/wp\/v2\/pages"}],"about":[{"href":"http:\/\/www.psg-dynamo-brandenburg.de\/index.php?rest_route=\/wp\/v2\/types\/page"}],"author":[{"embeddable":true,"href":"http:\/\/www.psg-dynamo-brandenburg.de\/index.php?rest_route=\/wp\/v2\/users\/1"}],"replies":[{"embeddable":true,"href":"http:\/\/www.psg-dynamo-brandenburg.de\/index.php?rest_route=%2Fwp%2Fv2%2Fcomments&post=13"}],"version-history":[{"count":8,"href":"http:\/\/www.psg-dynamo-brandenburg.de\/index.php?rest_route=\/wp\/v2\/pages\/13\/revisions"}],"predecessor-version":[{"id":78,"href":"http:\/\/www.psg-dynamo-brandenburg.de\/index.php?rest_route=\/wp\/v2\/pages\/13\/revisions\/78"}],"up":[{"embeddable":true,"href":"http:\/\/www.psg-dynamo-brandenburg.de\/index.php?rest_route=\/wp\/v2\/pages\/11"}],"wp:attachment":[{"href":"http:\/\/www.psg-dynamo-brandenburg.de\/index.php?rest_route=%2Fwp%2Fv2%2Fmedia&parent=13"}],"curies":[{"name":"wp","href":"https:\/\/api.w.org\/{rel}","templated":true}]}}