{"id":85,"date":"2012-05-08T20:18:43","date_gmt":"2012-05-08T20:18:43","guid":{"rendered":"http:\/\/www.psg-dynamo-brandenburg.de\/?page_id=85"},"modified":"2024-03-09T20:00:08","modified_gmt":"2024-03-09T20:00:08","slug":"finanzordnung","status":"publish","type":"page","link":"http:\/\/www.psg-dynamo-brandenburg.de\/?page_id=85","title":{"rendered":"Finanzordnung"},"content":{"rendered":"<p>      \t                                                                                                                                                                                                            Brandenburg, den 16.12.2001<br \/>\nFinanzordnung<br \/>\nder Polizeisportgemeinschaft<br \/>\n&#8222;Dynamo&#8220; Brandenburg-Mitte e. V.<\/p>\n<p>\u00a7  1<\/p>\n<p>Vereinskasse und Vereinskonto<\/p>\n<p>Die Polizeisportgemeinschaft &#8222;Dynamo&#8220; Brandenburg-Mitte e. V. (im folgenden PSG genannt) f\u00fchrt zur Durchf\u00fchrung der ihm obliegenden Aufgaben eine selbstst\u00e4ndige Kasse und Konto, welches\/ welche dem gew\u00e4hlten Schatzmeister untersteht.<\/p>\n<p>Jede Abteilung f\u00fchrt ein eigenes Konto und eine Kasse unter Leitung des Abteilungsschatzmeisters und rechnet diese halbj\u00e4hrlich beim PSG &#8211; Schatzmeister , der die Oberaufsicht \u00fcber die Konten hat, ab. Zum Jahresende werden alle Papiere und Abrechnungen dem PSG &#8211; Schatzmeister \u00fcbergeben, damit dieser den Jahresabschluss fertigen kann.<\/p>\n<p>\u00a7  2<\/p>\n<p>Gesch\u00e4ftsjahr der PSG<\/p>\n<p>Das Gesch\u00e4ftsjahr der PSG ist immer das Kalenderjahr.<\/p>\n<p>\u00a7  3<\/p>\n<p>Haushaltsplan der PSG<\/p>\n<p>Der PSG &#8211; Schatzmeister legt im letzten Quartal des Gesch\u00e4ftsjahres dem Vorstand einen Haushaltsvorschlag zur Genehmigung vor.<br \/>\nDer Haushaltsplan regelt Einnahmen und Ausgaben der PSG. In ihm werden das Verm\u00f6gen und die Verpflichtungen der PSG aufgenommen.<br \/>\nDie Ausgaben m\u00fcssen mit den Einnahmen in Einklang stehen.<br \/>\n\u00a7   4<\/p>\n<p>Jahresrechnung der PSG<\/p>\n<p>Der PSG &#8211; Schatzmeister hat j\u00e4hrlichem 1.Quartal die Jahresrechnung vorzulegen, aus der die Einnahmen und Ausgaben der PSG, die Verm\u00f6gensverh\u00e4ltnisse und die Gesamtfinanzlage hervorgeht. Der Vorstand best\u00e4tigt die Jahresrechnung.<br \/>\nDer PSG &#8211; Schatzmeister legt den Jahresabschluss einem Buchpr\u00fcfer vor und arbeitet eng mit dem Finanzamt zusammen.<\/p>\n<p>\u00a7   5<\/p>\n<p>Einnahmen<\/p>\n<p>Die zur Durchf\u00fchrung der Aufgaben erforderlichen  Finanzen werden durch folgende Einnahmen gedeckt<br \/>\n            &#8211; Die PSG finanziert sich durch Beitr\u00e4ge aus den Abteilungen<br \/>\n\t&#8211; Einnahmen aus Veranstaltungen,<br \/>\n\t&#8211; Publikationen<br \/>\n\t&#8211; Dienstleistungen der PSG<br \/>\n\t&#8211; Einnahmen aus kommerziellen Veranstaltungen<br \/>\n\t&#8211; Staatliche und gesellschaftliche Zuwendungen,<br \/>\n\t&#8211; Einnahmen von F\u00f6rderern und Sponsoren,<br \/>\n\t&#8211; Zusch\u00fcsse der Kommune.<br \/>\n            &#8211; Zusch\u00fcsse des LSB<br \/>\n            &#8211; Zusch\u00fcsse aus Sportverb\u00e4nde<br \/>\n            &#8211; Aufnahmegeb\u00fchren<br \/>\nJedes Mitglied ist verpflichtet , seinen Beitrag zu entrichten.<\/p>\n<p>Jede Abteilung legt ihre Mitgliedsbeitr\u00e4ge selbstst\u00e4ndig in ihrer Hauptversammlung fest, und legt diesen dann dem PSG &#8211; Vorstand vor. Es ist darauf zu achten das soziale Problemf\u00e4lle gesondert geregelt werden.<br \/>\nBei Bootsmieten und Standmieten sind umkostendeckend festzulegen.<br \/>\nDie festgelegten Beitrags und Mietlisten werden dann dieser Finanzordnung beigelegt.<\/p>\n<p>&#8211;  Beitr\u00e4ge bleiben in den Abteilungen zur Abdeckung ihrer Unkosten.<br \/>\n&#8211;  0,50 \u20ac pro Mitglied geht an die zentrale Vereinskasse zur Abdeckung von Versicherungen usw.<br \/>\n&#8211;  Den \u201eProkopf\u201c-Mitgliedsbeitrag an den Landessportbund tr\u00e4gt die Abteilung und zahlt diese bis<br \/>\n   01.03. Des Jahres auf das Vereinskonto<br \/>\n&#8211;  Zusch\u00fcsse vom Landessportbund und von den Fachverb\u00e4nden werden \u00fcber den Vorstand beantragt<br \/>\n   und werden Zweckgebunden f\u00fcr den Antragsgrund ausgegeben.<br \/>\n&#8211;  Alle Sponsoren- oder F\u00f6rderergelder gehen \u00fcber die Hauptkasse und werden dann f\u00fcr die<br \/>\n   F\u00f6rderma\u00dfnahme weitergeleitet. Der Schatzmeister oder Gesch\u00e4ftsf\u00fchrer stellen darauf die<br \/>\n   Spendenbescheinigung aus.<br \/>\n&#8211;  Die Aufnahmegeb\u00fchren 5,00 \u20ac bis 14 Jahre ; 10,00 \u20ac ab 14 Jahre davon gehen jeweils 1,00 \u20ac an die<br \/>\n   Hauptkasse f\u00fcr Verwaltungsgeb\u00fchren und der Restbetrag bleibt in den Abteilungen.<br \/>\n&#8211;  Alle Einnahmen aus Veranstaltungen, aus Dienstleistungen der Abteilungen und der PSG f\u00fcr<br \/>\n   Andere . Einnahmen aus kommerziellen Vereinbarungen und Ma\u00dfnahmen sowie<br \/>\n   Sponsoren \/ f\u00f6rdernden Mitgliedern m\u00fcssen wie alle anderen Einnahmen ordnungsgem\u00e4\u00df verwaltet<br \/>\n   Und nachgewiesen werden. (Kantine bei Turnieren, Startgelder, Getr\u00e4nkekassen, Vermietung \/Ver-<br \/>\n   Pachtung , Materialverkauf, Reuegelder usw.) <\/p>\n<p>\u00a7   6<\/p>\n<p>Ausgabengrunds\u00e4tze der PSG<\/p>\n<p>Mittel der PSG d\u00fcrfen nur f\u00fcr die satzungsgem\u00e4\u00dfen Zwecke verwendet werden. Die Mitglieder erhalten keine Zuwendungen aus Mitteln des Vereins. Es darf keine Person durch Ausgaben, die dem Zweck der K\u00f6rperschaft fremd sind oder durch unverh\u00e4ltnism\u00e4\u00dfig hohe Verg\u00fctungen, beg\u00fcnstigt werden.<\/p>\n<p>\u00a7   7<\/p>\n<p>Ausgaben<\/p>\n<p>Die Ausgaben der PSG bestehen aus Versicherungspr\u00e4mien, aus Mieten, Pachten und \u00e4hnlichen Lei-<br \/>\nStunden. Kosten f\u00fcr Sitzungen und Tagungen, Inventarbeschaffung, Sportf\u00f6rderung , Lehrg\u00e4nge,<br \/>\nSchulungskurse, Startgelder und Kautionen, Aufwandsentsch\u00e4digungen und allgemeine Gesch\u00e4ftskosten.  <\/p>\n<p>\u00a7   8<\/p>\n<p>Verg\u00fctungen<\/p>\n<p>Als Verg\u00fctungen f\u00fcr die Tagungen und Sitzungen sind folgende H\u00f6chsts\u00e4tze festgelegt<br \/>\n5 &#8211; 10 Stunden 15,00  \u20ac  , dar\u00fcber   25,00  \u20ac<br \/>\nFahrkosten 0,20 \u20ac pro km , je weitere Person 0,02 \u20ac darauf<br \/>\nQuartierkosten im Einzelzimmer sollten nicht 30,00 \u20ac \u00fcberschreiten<br \/>\nKampfrichterkosten &#8211; Kleidergeld\/Verg\u00fctung &#8211; 10,00 \u20ac pro Tag sollte nicht \u00fcberschritten werden.<\/p>\n<p>\u00a7   9<\/p>\n<p>Kassenpr\u00fcfung<\/p>\n<p>Die gew\u00e4hlten Kassenpr\u00fcfer der PSG sind verpflichtet, mindestens zweimal j\u00e4hrlich unvermutete Kassenpr\u00fcfungen vorzunehmen und das Ergebnis mit dem Kassenpr\u00fcfungsprotokoll dem PSG &#8211; Vorstand vorzulegen.<\/p>\n<p>\u00a7   10<\/p>\n<p>Abwicklung des Geldverkehres<\/p>\n<p>Die Abteilungen und die PSG unterhalten Bankkonten bei der Mittelbrandenburgischen Sparkasse in Potsdam zum Abwickeln des bargeldlosen Geldverkehrs.<br \/>\nPSG -. Vorstandsmitglieder k\u00f6nnen bei Ma\u00dfnahmen der PSG Bargeld auszahlen , wenn hierdurch nachweislich der Organisationsaufwand reduziert wird und Kosten f\u00fcr \u00dcberweisungen eingespart werden.<br \/>\nDie Konten der Abteilungen liegen in der Verantwortung und Aufsicht des PSG &#8211; Vorstandes und des PSG &#8211; Schatzmeisters (Rechtspersonen) und diese k\u00f6nnen auch in deren Verantwortung geschlossen\/<br \/>\ngesperrt werden<\/p>\n<p>\u00a7  11<\/p>\n<p>Inkrafttreten<\/p>\n<p>Die Finanzordnung der PSG Dynamo Brandenburg tritt ab 01.01.2002 in Kraft und gilt bis auf Widerruf.<\/p>\n","protected":false},"excerpt":{"rendered":"<p>Brandenburg, den 16.12.2001 Finanzordnung der Polizeisportgemeinschaft &#8222;Dynamo&#8220; Brandenburg-Mitte e. V. \u00a7 1 Vereinskasse und Vereinskonto Die Polizeisportgemeinschaft &#8222;Dynamo&#8220; Brandenburg-Mitte e. V. (im folgenden PSG genannt) f\u00fchrt zur Durchf\u00fchrung der ihm obliegenden Aufgaben eine selbstst\u00e4ndige Kasse und Konto, welches\/ welche dem &hellip; <a href=\"http:\/\/www.psg-dynamo-brandenburg.de\/?page_id=85\">Weiterlesen <span class=\"meta-nav\">&rarr;<\/span><\/a><\/p>\n","protected":false},"author":1,"featured_media":0,"parent":11,"menu_order":0,"comment_status":"closed","ping_status":"closed","template":"","meta":{"footnotes":""},"class_list":["post-85","page","type-page","status-publish","hentry"],"_links":{"self":[{"href":"http:\/\/www.psg-dynamo-brandenburg.de\/index.php?rest_route=\/wp\/v2\/pages\/85","targetHints":{"allow":["GET"]}}],"collection":[{"href":"http:\/\/www.psg-dynamo-brandenburg.de\/index.php?rest_route=\/wp\/v2\/pages"}],"about":[{"href":"http:\/\/www.psg-dynamo-brandenburg.de\/index.php?rest_route=\/wp\/v2\/types\/page"}],"author":[{"embeddable":true,"href":"http:\/\/www.psg-dynamo-brandenburg.de\/index.php?rest_route=\/wp\/v2\/users\/1"}],"replies":[{"embeddable":true,"href":"http:\/\/www.psg-dynamo-brandenburg.de\/index.php?rest_route=%2Fwp%2Fv2%2Fcomments&post=85"}],"version-history":[{"count":1,"href":"http:\/\/www.psg-dynamo-brandenburg.de\/index.php?rest_route=\/wp\/v2\/pages\/85\/revisions"}],"predecessor-version":[{"id":86,"href":"http:\/\/www.psg-dynamo-brandenburg.de\/index.php?rest_route=\/wp\/v2\/pages\/85\/revisions\/86"}],"up":[{"embeddable":true,"href":"http:\/\/www.psg-dynamo-brandenburg.de\/index.php?rest_route=\/wp\/v2\/pages\/11"}],"wp:attachment":[{"href":"http:\/\/www.psg-dynamo-brandenburg.de\/index.php?rest_route=%2Fwp%2Fv2%2Fmedia&parent=85"}],"curies":[{"name":"wp","href":"https:\/\/api.w.org\/{rel}","templated":true}]}}